{"id":204,"date":"2024-09-16T18:04:49","date_gmt":"2024-09-16T09:04:49","guid":{"rendered":"https:\/\/business01.one-tenth.kr\/?page_id=204"},"modified":"2026-03-02T22:19:46","modified_gmt":"2026-03-02T13:19:46","slug":"stemcell","status":"publish","type":"page","link":"https:\/\/madimadistem.com\/vi\/stemcell\/","title":{"rendered":"stemcell"},"content":{"rendered":"<div data-elementor-type=\"wp-page\" data-elementor-id=\"204\" class=\"elementor elementor-204\" data-elementor-settings=\"{&quot;element_pack_global_tooltip_width&quot;:{&quot;unit&quot;:&quot;px&quot;,&quot;size&quot;:&quot;&quot;,&quot;sizes&quot;:[]},&quot;element_pack_global_tooltip_width_tablet&quot;:{&quot;unit&quot;:&quot;px&quot;,&quot;size&quot;:&quot;&quot;,&quot;sizes&quot;:[]},&quot;element_pack_global_tooltip_width_mobile&quot;:{&quot;unit&quot;:&quot;px&quot;,&quot;size&quot;:&quot;&quot;,&quot;sizes&quot;:[]},&quot;element_pack_global_tooltip_padding&quot;:{&quot;unit&quot;:&quot;px&quot;,&quot;top&quot;:&quot;&quot;,&quot;right&quot;:&quot;&quot;,&quot;bottom&quot;:&quot;&quot;,&quot;left&quot;:&quot;&quot;,&quot;isLinked&quot;:true},&quot;element_pack_global_tooltip_padding_tablet&quot;:{&quot;unit&quot;:&quot;px&quot;,&quot;top&quot;:&quot;&quot;,&quot;right&quot;:&quot;&quot;,&quot;bottom&quot;:&quot;&quot;,&quot;left&quot;:&quot;&quot;,&quot;isLinked&quot;:true},&quot;element_pack_global_tooltip_padding_mobile&quot;:{&quot;unit&quot;:&quot;px&quot;,&quot;top&quot;:&quot;&quot;,&quot;right&quot;:&quot;&quot;,&quot;bottom&quot;:&quot;&quot;,&quot;left&quot;:&quot;&quot;,&quot;isLinked&quot;:true},&quot;element_pack_global_tooltip_border_radius&quot;:{&quot;unit&quot;:&quot;px&quot;,&quot;top&quot;:&quot;&quot;,&quot;right&quot;:&quot;&quot;,&quot;bottom&quot;:&quot;&quot;,&quot;left&quot;:&quot;&quot;,&quot;isLinked&quot;:true},&quot;element_pack_global_tooltip_border_radius_tablet&quot;:{&quot;unit&quot;:&quot;px&quot;,&quot;top&quot;:&quot;&quot;,&quot;right&quot;:&quot;&quot;,&quot;bottom&quot;:&quot;&quot;,&quot;left&quot;:&quot;&quot;,&quot;isLinked&quot;:true},&quot;element_pack_global_tooltip_border_radius_mobile&quot;:{&quot;unit&quot;:&quot;px&quot;,&quot;top&quot;:&quot;&quot;,&quot;right&quot;:&quot;&quot;,&quot;bottom&quot;:&quot;&quot;,&quot;left&quot;:&quot;&quot;,&quot;isLinked&quot;:true}}\" data-elementor-post-type=\"page\">\n\t\t\t\t<div class=\"elementor-element elementor-element-ecad61d e-flex e-con-boxed e-con e-parent\" data-id=\"ecad61d\" data-element_type=\"container\" data-settings=\"{&quot;background_background&quot;:&quot;classic&quot;}\">\n\t\t\t\t\t<div class=\"e-con-inner\">\n\t\t\t\t<div class=\"elementor-element elementor-element-8dc83ac elementor-invisible elementor-widget elementor-widget-heading\" data-id=\"8dc83ac\" data-element_type=\"widget\" data-settings=\"{&quot;_animation&quot;:&quot;fadeIn&quot;,&quot;_animation_delay&quot;:&quot;150&quot;}\" data-widget_type=\"heading.default\">\n\t\t\t\t<div class=\"elementor-widget-container\">\n\t\t\t\t\t<h1 class=\"elementor-heading-title elementor-size-default\">LI\u1ec6U PH\u00c1P T\u1ebe B\u00c0O G\u1ed0C<\/h1>\t\t\t\t<\/div>\n\t\t\t\t<\/div>\n\t\t\t\t<div class=\"elementor-element elementor-element-957ac97 elementor-invisible elementor-widget elementor-widget-heading\" data-id=\"957ac97\" data-element_type=\"widget\" data-settings=\"{&quot;_animation&quot;:&quot;fadeIn&quot;,&quot;_animation_delay&quot;:250}\" data-widget_type=\"heading.default\">\n\t\t\t\t<div class=\"elementor-widget-container\">\n\t\t\t\t\t<div class=\"elementor-heading-title elementor-size-default\">T\u1ebf b\u00e0o g\u1ed1c l\u00e0 g\u00ec?<\/div>\t\t\t\t<\/div>\n\t\t\t\t<\/div>\n\t\t\t\t\t<\/div>\n\t\t\t\t<\/div>\n\t\t<div class=\"elementor-element elementor-element-5284682 e-flex e-con-boxed e-con e-parent\" data-id=\"5284682\" data-element_type=\"container\">\n\t\t\t\t\t<div class=\"e-con-inner\">\n\t\t<div class=\"elementor-element elementor-element-885b563 e-con-full e-flex e-con e-child\" data-id=\"885b563\" data-element_type=\"container\">\n\t\t\t\t<div class=\"elementor-element elementor-element-0f92f2d animated-fast elementor-invisible elementor-widget elementor-widget-image\" data-id=\"0f92f2d\" data-element_type=\"widget\" data-settings=\"{&quot;_animation&quot;:&quot;fadeInUp&quot;,&quot;_animation_delay&quot;:&quot;650&quot;}\" data-widget_type=\"image.default\">\n\t\t\t\t<div class=\"elementor-widget-container\">\n\t\t\t\t\t\t\t\t\t\t\t\t\t\t\t<img fetchpriority=\"high\" decoding=\"async\" width=\"598\" height=\"586\" src=\"https:\/\/madimadistem.com\/wp-content\/uploads\/2026\/02\/stemcell.png\" class=\"attachment-large size-large wp-image-1651\" alt=\"\" srcset=\"https:\/\/madimadistem.com\/wp-content\/uploads\/2026\/02\/stemcell.png 598w, https:\/\/madimadistem.com\/wp-content\/uploads\/2026\/02\/stemcell-300x294.png 300w\" sizes=\"(max-width: 598px) 100vw, 598px\" \/>\t\t\t\t\t\t\t\t\t\t\t\t\t\t\t<\/div>\n\t\t\t\t<\/div>\n\t\t\t\t<\/div>\n\t\t<div class=\"elementor-element elementor-element-696c286 e-con-full e-flex e-con e-child\" data-id=\"696c286\" data-element_type=\"container\">\n\t\t\t\t<div class=\"elementor-element elementor-element-c46d7f8 animated-fast elementor-invisible elementor-widget elementor-widget-heading\" data-id=\"c46d7f8\" data-element_type=\"widget\" data-settings=\"{&quot;_animation&quot;:&quot;fadeInUp&quot;,&quot;_animation_delay&quot;:&quot;800&quot;}\" data-widget_type=\"heading.default\">\n\t\t\t\t<div class=\"elementor-widget-container\">\n\t\t\t\t\t<h2 class=\"elementor-heading-title elementor-size-default\">T\u1ebf b\u00e0o g\u1ed1c l\u00e0 g\u00ec?<\/h2>\t\t\t\t<\/div>\n\t\t\t\t<\/div>\n\t\t\t\t<div class=\"elementor-element elementor-element-8fcfded animated-fast elementor-invisible elementor-widget elementor-widget-text-editor\" data-id=\"8fcfded\" data-element_type=\"widget\" data-settings=\"{&quot;_animation&quot;:&quot;fadeInUp&quot;,&quot;_animation_delay&quot;:&quot;1100&quot;}\" data-widget_type=\"text-editor.default\">\n\t\t\t\t<div class=\"elementor-widget-container\">\n\t\t\t\t\t\t\t\t\t<p>C\u01a1 th\u1ec3 ch\u00fang ta c\u00f3 da (<strong>m\u00f4 bi\u1ec3u b\u00ec<\/strong>) ho\u1eb7c m\u00e1u(<strong>m\u00f4 t\u1ea1o m\u00e1u<\/strong>)gi\u1ed1ng<br \/>N\u00f3 t\u00e1i t\u1ea1o v\u00e0 b\u1ed5 sung c\u00e1c t\u1ebf b\u00e0o \u0111\u00e3 m\u1ea5t \u0111\u1ec3 li\u00ean t\u1ee5c t\u1ea1o ra m\u00f4 m\u1edbi.<br \/>N\u00f3 c\u00f3 kh\u1ea3 n\u0103ng duy tr\u00ec.<br \/>C\u00e1c t\u1ebf b\u00e0o c\u00f3 kh\u1ea3 n\u0103ng nh\u01b0 v\u1eady <strong>t\u1ebf b\u00e0o g\u1ed1c<\/strong> Ng\u01b0\u1eddi ta n\u00f3i r\u1eb1ng...<\/p>\t\t\t\t\t\t\t\t<\/div>\n\t\t\t\t<\/div>\n\t\t\t\t<div class=\"elementor-element elementor-element-5d6f63c animated-fast elementor-invisible elementor-widget elementor-widget-text-editor\" data-id=\"5d6f63c\" data-element_type=\"widget\" data-settings=\"{&quot;_animation_delay&quot;:1100,&quot;_animation&quot;:&quot;fadeInUp&quot;}\" data-widget_type=\"text-editor.default\">\n\t\t\t\t<div class=\"elementor-widget-container\">\n\t\t\t\t\t\t\t\t\t<p>\u0110\u1ec3 \u0111\u01b0\u1ee3c g\u1ecdi l\u00e0 t\u1ebf b\u00e0o g\u1ed1c, c\u1ea7n c\u00f3 hai kh\u1ea3 n\u0103ng ch\u00ednh.<\/p>\t\t\t\t\t\t\t\t<\/div>\n\t\t\t\t<\/div>\n\t\t\t\t<div class=\"elementor-element elementor-element-96f2390 animated-fast elementor-invisible elementor-widget elementor-widget-text-editor\" data-id=\"96f2390\" data-element_type=\"widget\" data-settings=\"{&quot;_animation_delay&quot;:1100,&quot;_animation&quot;:&quot;fadeInUp&quot;}\" data-widget_type=\"text-editor.default\">\n\t\t\t\t<div class=\"elementor-widget-container\">\n\t\t\t\t\t\t\t\t\t<p>\u0110\u1ea7u ti\u00ean, t\u1ebf b\u00e0o da (<strong>t\u1ebf b\u00e0o s\u1eebng<\/strong>), h\u1ed3ng c\u1ea7u (<strong>h\u1ed3ng c\u1ea7u<\/strong>),<br \/>Ti\u1ec3u c\u1ea7u (<strong>ti\u1ec3u c\u1ea7u<\/strong>) v\u00e0 nhi\u1ec1u lo\u1ea1i t\u1ebf b\u00e0o kh\u00e1c nhau c\u1ea5u th\u00e0nh n\u00ean c\u01a1 th\u1ec3 ch\u00fang ta<br \/>c\u00f3 th\u1ec3 thay \u0111\u1ed5i <strong>Kh\u1ea3 n\u0103ng ph\u00e2n bi\u1ec7t<\/strong>,<br \/>Th\u1ee9 hai, c\u00f3 kh\u1ea3 n\u0103ng ph\u00e2n chia th\u00e0nh c\u00e1c t\u1ebf b\u00e0o gi\u1ed1ng h\u1ec7t nhau.<br \/><strong>t\u1ef1 \u0111\u1ed5i m\u1edbi<\/strong>Kh\u00f4ng th\u1ea5y.<\/p>\t\t\t\t\t\t\t\t<\/div>\n\t\t\t\t<\/div>\n\t\t\t\t<\/div>\n\t\t\t\t\t<\/div>\n\t\t\t\t<\/div>\n\t\t<div class=\"elementor-element elementor-element-20cb990 e-flex e-con-boxed e-con e-parent\" data-id=\"20cb990\" data-element_type=\"container\" data-settings=\"{&quot;background_background&quot;:&quot;classic&quot;}\">\n\t\t\t\t\t<div class=\"e-con-inner\">\n\t\t<div class=\"elementor-element elementor-element-5c05865 e-con-full e-flex e-con e-child\" data-id=\"5c05865\" data-element_type=\"container\">\n\t\t\t\t<div class=\"elementor-element elementor-element-c6151dd elementor-widget elementor-widget-heading\" data-id=\"c6151dd\" data-element_type=\"widget\" data-widget_type=\"heading.default\">\n\t\t\t\t<div class=\"elementor-widget-container\">\n\t\t\t\t\t<h2 class=\"elementor-heading-title elementor-size-default\">C\u00e1c lo\u1ea1i t\u1ebf b\u00e0o g\u1ed1c<\/h2>\t\t\t\t<\/div>\n\t\t\t\t<\/div>\n\t\t\t\t<div class=\"elementor-element elementor-element-f3b788c elementor-widget elementor-widget-heading\" data-id=\"f3b788c\" data-element_type=\"widget\" data-widget_type=\"heading.default\">\n\t\t\t\t<div class=\"elementor-widget-container\">\n\t\t\t\t\t<div class=\"elementor-heading-title elementor-size-default\">T\u1ebf b\u00e0o g\u1ed1c ph\u1ea7n l\u1edbn l\u00e0<br>\n\nN\u00f3 c\u00f3 th\u1ec3 \u0111\u01b0\u1ee3c chia th\u00e0nh b\u1ed1n lo\u1ea1i.<\/div>\t\t\t\t<\/div>\n\t\t\t\t<\/div>\n\t\t\t\t<\/div>\n\t\t<div class=\"elementor-element elementor-element-73c90cd e-con-full e-grid e-con e-child\" data-id=\"73c90cd\" data-element_type=\"container\">\n\t\t<div class=\"elementor-element elementor-element-d5e5f3a e-con-full e-flex e-con e-child\" data-id=\"d5e5f3a\" data-element_type=\"container\">\n\t\t\t\t<div class=\"elementor-element elementor-element-c5b69da bdt-icon-type-image elementor-position-left elementor-widget__width-inherit animated-fast bdt-icon-effect-none elementor-invisible elementor-widget elementor-widget-bdt-advanced-icon-box\" data-id=\"c5b69da\" data-element_type=\"widget\" data-settings=\"{&quot;_animation_delay&quot;:1300,&quot;_animation&quot;:&quot;fadeInUp&quot;}\" data-widget_type=\"bdt-advanced-icon-box.default\">\n\t\t\t\t<div class=\"elementor-widget-container\">\n\t\t\t\t\t\t\t<div class=\"bdt-ep-advanced-icon-box\">\r\n\r\n\t\t\t\r\n\t\t\t<div class=\"bdt-ep-advanced-icon-box-content\">\r\n\r\n\t\t\t\t\t\t\t\t\t\t\t<div class=\"bdt-ep-advanced-icon-box-icon-heading bdt-flex bdt-flex-middle\">\r\n\r\n\t\t\t\r\n\t\t\t\t\t<div class=\"bdt-ep-advanced-icon-box-icon\">\r\n\t\t\t\t<span class=\"bdt-ep-advanced-icon-box-icon-wrap\">\r\n\r\n\r\n\t\t\t\t\t<img decoding=\"async\" width=\"81\" height=\"72\" src=\"https:\/\/madimadistem.com\/wp-content\/uploads\/2026\/02\/ico01.png\" class=\"attachment-full size-full\" alt=\"\uc870\uc9c1\uc904\uae30\uc138\ud3ec\" \/>\t\t\t\t<\/span>\r\n\t\t\t<\/div>\r\n\t\t\r\n\t\r\n\r\n\t\t\t<div class=\"bdt-icon-box-title-wrapper\">\r\n\r\n\t\t\t\t\t\t\t\t\t<h4 class=\"bdt-ep-advanced-icon-box-title ep-title-\">\r\n\t\t\t\t\t\t<span >\r\n\t\t\t\t\t\t\tT\u1ebf b\u00e0o g\u1ed1c m\u00f4\t\t\t\t\t\t<\/span>\r\n\t\t\t\t\t<\/h4>\r\n\t\t\t\t\r\n\r\n\t\t\t\t\t\t\t\t\t<div class=\"bdt-ep-advanced-icon-box-sub-title\">\r\n\t\t\t\t\t\tt\u1ebf b\u00e0o g\u1ed1c m\u00f4, t\u1ebf b\u00e0o g\u1ed1c soma\t\t\t\t\t<\/div>\r\n\t\t\t\t\t\t\t<\/div>\r\n\t\t<\/div>\r\n\t\t\t\t\t\r\n\t\t\t\t\r\n\t\t\t\t\t\t\t\t\t<div class=\"bdt-ep-advanced-icon-box-description\">\r\n\t\t\t\t\t\t<p>\u0110\u00e2y l\u00e0 nh\u1eefng t\u1ebf b\u00e0o li\u00ean t\u1ee5c thay th\u1ebf c\u00e1c t\u1ebf b\u00e0o b\u1ecb t\u1ed5n th\u01b0\u01a1ng, ch\u1eb3ng h\u1ea1n nh\u01b0 t\u1ebf b\u00e0o da ho\u1eb7c t\u1ebf b\u00e0o m\u00e1u, v\u00e0 ch\u00fang c\u00f3 vai tr\u00f2 x\u00e1c \u0111\u1ecbnh.<br \/>V\u00ed d\u1ee5, s\u1ea3n xu\u1ea5t m\u00e1u<strong> t\u1ebf b\u00e0o g\u1ed1c t\u1ea1o m\u00e1u<\/strong>ch\u1ec9 c\u00e1c t\u1ebf b\u00e0o h\u1ec7 th\u1ed1ng m\u00e1u<br \/>t\u1ea1o ra v\u00e0 h\u00ecnh th\u00e0nh h\u1ec7 th\u1ea7n kinh <strong>t\u1ebf b\u00e0o g\u1ed1c th\u1ea7n kinh<\/strong>N\u00f3 ch\u1ec9 s\u1ea3n sinh ra c\u00e1c t\u1ebf b\u00e0o h\u1ec7 th\u1ea7n kinh.<\/p>\t\t\t\t\t<\/div>\r\n\t\t\t\t\r\n\t\t\t\t\t\t\t<\/div>\r\n\t\t<\/div>\r\n\r\n\t\t\r\n\t\t\r\n\t\t\t\t<\/div>\n\t\t\t\t<\/div>\n\t\t\t\t<\/div>\n\t\t<div class=\"elementor-element elementor-element-099e4f4 e-con-full e-flex e-con e-child\" data-id=\"099e4f4\" data-element_type=\"container\">\n\t\t\t\t<div class=\"elementor-element elementor-element-255e67d bdt-icon-type-image elementor-position-left elementor-widget__width-inherit animated-fast bdt-icon-effect-none elementor-invisible elementor-widget elementor-widget-bdt-advanced-icon-box\" data-id=\"255e67d\" data-element_type=\"widget\" data-settings=\"{&quot;_animation_delay&quot;:1100,&quot;_animation&quot;:&quot;fadeInUp&quot;}\" data-widget_type=\"bdt-advanced-icon-box.default\">\n\t\t\t\t<div class=\"elementor-widget-container\">\n\t\t\t\t\t\t\t<div class=\"bdt-ep-advanced-icon-box\">\r\n\r\n\t\t\t\r\n\t\t\t<div class=\"bdt-ep-advanced-icon-box-content\">\r\n\r\n\t\t\t\t\t\t\t\t\t\t\t<div class=\"bdt-ep-advanced-icon-box-icon-heading bdt-flex bdt-flex-middle\">\r\n\r\n\t\t\t\r\n\t\t\t\t\t<div class=\"bdt-ep-advanced-icon-box-icon\">\r\n\t\t\t\t<span class=\"bdt-ep-advanced-icon-box-icon-wrap\">\r\n\r\n\r\n\t\t\t\t\t<img decoding=\"async\" width=\"74\" height=\"76\" src=\"https:\/\/madimadistem.com\/wp-content\/uploads\/2026\/02\/ico02.png\" class=\"attachment-full size-full\" alt=\"\ub9cc\ub2a5\uc904\uae30\uc138\ud3ec\" \/>\t\t\t\t<\/span>\r\n\t\t\t<\/div>\r\n\t\t\r\n\t\r\n\r\n\t\t\t<div class=\"bdt-icon-box-title-wrapper\">\r\n\r\n\t\t\t\t\t\t\t\t\t<h4 class=\"bdt-ep-advanced-icon-box-title ep-title-\">\r\n\t\t\t\t\t\t<span >\r\n\t\t\t\t\t\t\tt\u1ebf b\u00e0o g\u1ed1c v\u1ea1n n\u0103ng\t\t\t\t\t\t<\/span>\r\n\t\t\t\t\t<\/h4>\r\n\t\t\t\t\r\n\r\n\t\t\t\t\t\t\t\t\t<div class=\"bdt-ep-advanced-icon-box-sub-title\">\r\n\t\t\t\t\t\tt\u1ebf b\u00e0o g\u1ed1c v\u1ea1n n\u0103ng\t\t\t\t\t<\/div>\r\n\t\t\t\t\t\t\t<\/div>\r\n\t\t<\/div>\r\n\t\t\t\t\t\r\n\t\t\t\t\r\n\t\t\t\t\t\t\t\t\t<div class=\"bdt-ep-advanced-icon-box-description\">\r\n\t\t\t\t\t\t<p>M\u1ed9t lo\u1ea1i t\u1ebf b\u00e0o c\u00f3 kh\u1ea3 n\u0103ng bi\u1ec7t h\u00f3a th\u00e0nh b\u1ea5t k\u1ef3 lo\u1ea1i t\u1ebf b\u00e0o n\u00e0o trong c\u01a1 th\u1ec3 ch\u00fang ta.,\u00a0 <strong>\u0110a n\u0103ng<\/strong>\u0110\u00fang v\u1eady.<br \/>C\u00e1c v\u00ed d\u1ee5 ti\u00eau bi\u1ec3u \u0111\u01b0\u1ee3c l\u1ea5y t\u1eeb ph\u00f4i thai giai \u0111o\u1ea1n \u0111\u1ea7u. <strong>t\u1ebf b\u00e0o g\u1ed1c ph\u00f4i (t\u1ebf b\u00e0o ES)<\/strong>C\u00f3,<br \/>\u0110\u01b0\u1ee3c t\u1ea1o ra nh\u00e2n t\u1ea1o t\u1eeb c\u00e1c t\u1ebf b\u00e0o soma b\u00ecnh th\u01b0\u1eddng <strong>T\u1ebf b\u00e0o g\u1ed1c v\u1ea1n n\u0103ng c\u1ea3m \u1ee9ng, <br \/>T\u1ebf b\u00e0o iPS)<\/strong>Ngo\u00e0i ra c\u00f2n c\u00f3.<\/p>\t\t\t\t\t<\/div>\r\n\t\t\t\t\r\n\t\t\t\t\t\t\t<\/div>\r\n\t\t<\/div>\r\n\r\n\t\t\r\n\t\t\r\n\t\t\t\t<\/div>\n\t\t\t\t<\/div>\n\t\t\t\t<\/div>\n\t\t<div class=\"elementor-element elementor-element-2b246b9 e-con-full e-flex e-con e-child\" data-id=\"2b246b9\" data-element_type=\"container\">\n\t\t\t\t<div class=\"elementor-element elementor-element-95ddb0d bdt-icon-type-image elementor-position-left elementor-widget__width-inherit animated-fast bdt-icon-effect-none elementor-invisible elementor-widget elementor-widget-bdt-advanced-icon-box\" data-id=\"95ddb0d\" data-element_type=\"widget\" data-settings=\"{&quot;_animation_delay&quot;:1100,&quot;_animation&quot;:&quot;fadeInUp&quot;}\" data-widget_type=\"bdt-advanced-icon-box.default\">\n\t\t\t\t<div class=\"elementor-widget-container\">\n\t\t\t\t\t\t\t<div class=\"bdt-ep-advanced-icon-box\">\r\n\r\n\t\t\t\r\n\t\t\t<div class=\"bdt-ep-advanced-icon-box-content\">\r\n\r\n\t\t\t\t\t\t\t\t\t\t\t<div class=\"bdt-ep-advanced-icon-box-icon-heading bdt-flex bdt-flex-middle\">\r\n\r\n\t\t\t\r\n\t\t\t\t\t<div class=\"bdt-ep-advanced-icon-box-icon\">\r\n\t\t\t\t<span class=\"bdt-ep-advanced-icon-box-icon-wrap\">\r\n\r\n\r\n\t\t\t\t\t<img loading=\"lazy\" decoding=\"async\" width=\"81\" height=\"67\" src=\"https:\/\/madimadistem.com\/wp-content\/uploads\/2026\/02\/ico03.png\" class=\"attachment-full size-full\" alt=\"\uc131\uccb4\uc904\uae30\uc138\ud3ec\" \/>\t\t\t\t<\/span>\r\n\t\t\t<\/div>\r\n\t\t\r\n\t\r\n\r\n\t\t\t<div class=\"bdt-icon-box-title-wrapper\">\r\n\r\n\t\t\t\t\t\t\t\t\t<h4 class=\"bdt-ep-advanced-icon-box-title ep-title-\">\r\n\t\t\t\t\t\t<span >\r\n\t\t\t\t\t\t\tt\u1ebf b\u00e0o g\u1ed1c tr\u01b0\u1edfng th\u00e0nh\t\t\t\t\t\t<\/span>\r\n\t\t\t\t\t<\/h4>\r\n\t\t\t\t\r\n\r\n\t\t\t\t\t\t\t\t\t<div class=\"bdt-ep-advanced-icon-box-sub-title\">\r\n\t\t\t\t\t\tt\u1ebf b\u00e0o g\u1ed1c tr\u01b0\u1edfng th\u00e0nh\t\t\t\t\t<\/div>\r\n\t\t\t\t\t\t\t<\/div>\r\n\t\t<\/div>\r\n\t\t\t\t\t\r\n\t\t\t\t\r\n\t\t\t\t\t\t\t\t\t<div class=\"bdt-ep-advanced-icon-box-description\">\r\n\t\t\t\t\t\t<p>L\u00e0 c\u00e1c t\u1ebf b\u00e0o c\u00f3 th\u1ec3 thu \u0111\u01b0\u1ee3c t\u1eeb c\u01a1 th\u1ec3 ng\u01b0\u1eddi tr\u01b0\u1edfng th\u00e0nh, ch\u00fang c\u00f3 th\u1ec3 \u0111\u01b0\u1ee3c l\u1ea5y t\u1eeb m\u00e1u, m\u1ee1 ho\u1eb7c t\u1ee7y x\u01b0\u01a1ng.<br \/>Hi\u1ec7n nay, n\u00f3 \u0111\u01b0\u1ee3c s\u1eed d\u1ee5ng r\u1ed9ng r\u00e3i trong t\u00e1i t\u1ea1o v\u00e0 \u0111i\u1ec1u tr\u1ecb m\u00f4 th\u1ef1c t\u1ebf, t\u00e1i t\u1ea1o da, \u0111i\u1ec1u tr\u1ecb r\u1ee5ng t\u00f3c.,<br \/>N\u00f3 \u0111\u00f3ng vai tr\u00f2 quan tr\u1ecdng trong vi\u1ec7c ph\u1ee5c h\u1ed3i t\u1ed5n th\u01b0\u01a1ng \u0111\u0129a \u0111\u1ec7m c\u1ed9t s\u1ed1ng, ki\u1ec3m so\u00e1t vi\u00eam nhi\u1ec5m v\u00e0 li\u1ec7u ph\u00e1p t\u00e1i t\u1ea1o t\u1ebf b\u00e0o.<\/p>\t\t\t\t\t<\/div>\r\n\t\t\t\t\r\n\t\t\t\t\t\t\t<\/div>\r\n\t\t<\/div>\r\n\r\n\t\t\r\n\t\t\r\n\t\t\t\t<\/div>\n\t\t\t\t<\/div>\n\t\t\t\t<\/div>\n\t\t<div class=\"elementor-element elementor-element-5622f86 e-con-full e-flex e-con e-child\" data-id=\"5622f86\" data-element_type=\"container\">\n\t\t\t\t<div class=\"elementor-element elementor-element-230f5dc bdt-icon-type-image elementor-position-left elementor-widget__width-inherit animated-fast br-remove bdt-icon-effect-none elementor-invisible elementor-widget elementor-widget-bdt-advanced-icon-box\" data-id=\"230f5dc\" data-element_type=\"widget\" data-settings=\"{&quot;_animation_delay&quot;:600,&quot;_animation&quot;:&quot;fadeInUp&quot;}\" data-widget_type=\"bdt-advanced-icon-box.default\">\n\t\t\t\t<div class=\"elementor-widget-container\">\n\t\t\t\t\t\t\t<div class=\"bdt-ep-advanced-icon-box\">\r\n\r\n\t\t\t\r\n\t\t\t<div class=\"bdt-ep-advanced-icon-box-content\">\r\n\r\n\t\t\t\t\t\t\t\t\t\t\t<div class=\"bdt-ep-advanced-icon-box-icon-heading bdt-flex bdt-flex-middle\">\r\n\r\n\t\t\t\r\n\t\t\t\t\t<div class=\"bdt-ep-advanced-icon-box-icon\">\r\n\t\t\t\t<span class=\"bdt-ep-advanced-icon-box-icon-wrap\">\r\n\r\n\r\n\t\t\t\t\t<img loading=\"lazy\" decoding=\"async\" width=\"65\" height=\"77\" src=\"https:\/\/madimadistem.com\/wp-content\/uploads\/2026\/02\/ico04.png\" class=\"attachment-full size-full\" alt=\"\uc7ac\uc0dd\uc758\ud559\" \/>\t\t\t\t<\/span>\r\n\t\t\t<\/div>\r\n\t\t\r\n\t\r\n\r\n\t\t\t<div class=\"bdt-icon-box-title-wrapper\">\r\n\r\n\t\t\t\t\t\t\t\t\t<h4 class=\"bdt-ep-advanced-icon-box-title ep-title-\">\r\n\t\t\t\t\t\t<span >\r\n\t\t\t\t\t\t\tY h\u1ecdc t\u00e1i t\u1ea1o\t\t\t\t\t\t<\/span>\r\n\t\t\t\t\t<\/h4>\r\n\t\t\t\t\r\n\r\n\t\t\t\t\t\t\t\t\t<div class=\"bdt-ep-advanced-icon-box-sub-title\">\r\n\t\t\t\t\t\tY h\u1ecdc t\u00e1i t\u1ea1o\t\t\t\t\t<\/div>\r\n\t\t\t\t\t\t\t<\/div>\r\n\t\t<\/div>\r\n\t\t\t\t\t\r\n\t\t\t\t\r\n\t\t\t\t\t\t\t\t\t<div class=\"bdt-ep-advanced-icon-box-description\">\r\n\t\t\t\t\t\t<p>M\u1ed9t ph\u01b0\u01a1ng ph\u00e1p m\u1edbi t\u1eadn d\u1ee5ng c\u00e1c \u0111\u1eb7c t\u00ednh c\u1ee7a t\u1ebf b\u00e0o g\u1ed1c \u0111\u1ec3 s\u1eeda ch\u1eefa m\u00f4 b\u1ecb t\u1ed5n th\u01b0\u01a1ng ho\u1eb7c \u0111i\u1ec1u tr\u1ecb b\u1ec7nh t\u1eadt.<br \/>L\u0129nh v\u1ef1c y t\u1ebf <strong>Y h\u1ecdc t\u00e1i t\u1ea1o<\/strong>N\u00f3 \u0111\u01b0\u1ee3c g\u1ecdi l\u00e0... \u0110i\u1ec1u n\u00e0y \u0111\u1ec1 c\u1eadp \u0111\u1ebfn ch\u00ednh t\u1ebf b\u00e0o \u0111\u00f3.<br \/>\u0110\u01b0\u1ee3c s\u1eed d\u1ee5ng nh\u01b0 m\u1ed9t ph\u01b0\u01a1ng ph\u00e1p \u0111i\u1ec1u tr\u1ecb <strong>li\u1ec7u ph\u00e1p d\u1ef1a tr\u00ean t\u1ebf b\u00e0o<\/strong>N\u00f3 \u0111ang ph\u00e1t tri\u1ec3n v\u1edbi tr\u1ecdng t\u00e2m l\u00e0 c\u00e1c ph\u01b0\u01a1ng ph\u00e1p.<\/p><p>\u00a0<\/p><p>Y h\u1ecdc t\u00e1i t\u1ea1o b\u1ecb t\u1ed5n h\u1ea1i <strong>t\u00e1i t\u1ea1o m\u00f4<\/strong>\u0110\u1ec3 hi\u1ec3u r\u00f5 c\u01a1 ch\u1ebf c\u1ee7a c\u00e1c b\u1ec7nh.<br \/><strong>m\u00f4 h\u00ecnh b\u1ec7nh l\u00fd trong \u1ed1ng nghi\u1ec7m<\/strong> N\u00f3 \u0111\u01b0\u1ee3c d\u00f9ng cho m\u1ee5c \u0111\u00edch nghi\u00ean c\u1ee9u.<br \/>Hi\u1ec7n nay, nghi\u00ean c\u1ee9u t\u1ebf b\u00e0o g\u1ed1c v\u00e0 c\u00f4ng ngh\u1ec7 y h\u1ecdc t\u00e1i t\u1ea1o \u1edf H\u00e0n Qu\u1ed1c \u0111ang ph\u00e1t tri\u1ec3n nhanh ch\u00f3ng.,<br \/>N\u0103ng l\u1ef1c c\u00f4ng ngh\u1ec7 cao c\u1ee7a n\u00f3 \u0111\u01b0\u1ee3c c\u00f4ng nh\u1eadn tr\u00ean to\u00e0n c\u1ea7u.<\/p>\t\t\t\t\t<\/div>\r\n\t\t\t\t\r\n\t\t\t\t\t\t\t<\/div>\r\n\t\t<\/div>\r\n\r\n\t\t\r\n\t\t\r\n\t\t\t\t<\/div>\n\t\t\t\t<\/div>\n\t\t\t\t<\/div>\n\t\t\t\t<\/div>\n\t\t\t\t\t<\/div>\n\t\t\t\t<\/div>\n\t\t\t\t<\/div>","protected":false},"excerpt":{"rendered":"<p>STEM CELL THERAPY \uc904\uae30\uc138\ud3ec\ub780? \uc904\uae30\uc138\ud3ec\ub780 \ubb34\uc5c7\uc778\uac00? \uc6b0\ub9ac \ubab8\uc740 \ud53c\ubd80(epidermal tissue)\ub098 \ud608\uc561(hematopoietic tissue)\ucc98\ub7fc\uc190\uc2e4\ub41c \uc138\ud3ec\ub97c \uc2a4\uc2a4\ub85c \uc7ac\uc0dd\ud558\uace0 \ubcf4\ucda9\ud558\uc5ec \ub04a\uc784\uc5c6\uc774 \uc0c8\ub85c\uc6b4 \uc870\uc9c1\uc744\uc720\uc9c0\ud560 \uc218 \uc788\ub294 \ub2a5\ub825\uc744 [&hellip;]<\/p>\n","protected":false},"author":3,"featured_media":0,"parent":0,"menu_order":2,"comment_status":"closed","ping_status":"closed","template":"","meta":{"_acf_changed":false,"footnotes":""},"class_list":["post-204","page","type-page","status-publish","hentry"],"acf":[],"_links":{"self":[{"href":"https:\/\/madimadistem.com\/vi\/wp-json\/wp\/v2\/pages\/204","targetHints":{"allow":["GET"]}}],"collection":[{"href":"https:\/\/madimadistem.com\/vi\/wp-json\/wp\/v2\/pages"}],"about":[{"href":"https:\/\/madimadistem.com\/vi\/wp-json\/wp\/v2\/types\/page"}],"author":[{"embeddable":true,"href":"https:\/\/madimadistem.com\/vi\/wp-json\/wp\/v2\/users\/3"}],"replies":[{"embeddable":true,"href":"https:\/\/madimadistem.com\/vi\/wp-json\/wp\/v2\/comments?post=204"}],"version-history":[{"count":97,"href":"https:\/\/madimadistem.com\/vi\/wp-json\/wp\/v2\/pages\/204\/revisions"}],"predecessor-version":[{"id":2935,"href":"https:\/\/madimadistem.com\/vi\/wp-json\/wp\/v2\/pages\/204\/revisions\/2935"}],"wp:attachment":[{"href":"https:\/\/madimadistem.com\/vi\/wp-json\/wp\/v2\/media?parent=204"}],"curies":[{"name":"wp","href":"https:\/\/api.w.org\/{rel}","templated":true}]}}