{"id":1719,"date":"2026-02-05T01:32:07","date_gmt":"2026-02-04T16:32:07","guid":{"rendered":"https:\/\/madihosting.mycafe24.com\/?page_id=1719"},"modified":"2026-03-15T20:50:23","modified_gmt":"2026-03-15T11:50:23","slug":"madistemcell","status":"publish","type":"page","link":"https:\/\/madimadistem.com\/vi\/madistemcell\/","title":{"rendered":"madistemcell"},"content":{"rendered":"<div data-elementor-type=\"wp-page\" data-elementor-id=\"1719\" class=\"elementor elementor-1719\" data-elementor-settings=\"{&quot;element_pack_global_tooltip_width&quot;:{&quot;unit&quot;:&quot;px&quot;,&quot;size&quot;:&quot;&quot;,&quot;sizes&quot;:[]},&quot;element_pack_global_tooltip_width_tablet&quot;:{&quot;unit&quot;:&quot;px&quot;,&quot;size&quot;:&quot;&quot;,&quot;sizes&quot;:[]},&quot;element_pack_global_tooltip_width_mobile&quot;:{&quot;unit&quot;:&quot;px&quot;,&quot;size&quot;:&quot;&quot;,&quot;sizes&quot;:[]},&quot;element_pack_global_tooltip_padding&quot;:{&quot;unit&quot;:&quot;px&quot;,&quot;top&quot;:&quot;&quot;,&quot;right&quot;:&quot;&quot;,&quot;bottom&quot;:&quot;&quot;,&quot;left&quot;:&quot;&quot;,&quot;isLinked&quot;:true},&quot;element_pack_global_tooltip_padding_tablet&quot;:{&quot;unit&quot;:&quot;px&quot;,&quot;top&quot;:&quot;&quot;,&quot;right&quot;:&quot;&quot;,&quot;bottom&quot;:&quot;&quot;,&quot;left&quot;:&quot;&quot;,&quot;isLinked&quot;:true},&quot;element_pack_global_tooltip_padding_mobile&quot;:{&quot;unit&quot;:&quot;px&quot;,&quot;top&quot;:&quot;&quot;,&quot;right&quot;:&quot;&quot;,&quot;bottom&quot;:&quot;&quot;,&quot;left&quot;:&quot;&quot;,&quot;isLinked&quot;:true},&quot;element_pack_global_tooltip_border_radius&quot;:{&quot;unit&quot;:&quot;px&quot;,&quot;top&quot;:&quot;&quot;,&quot;right&quot;:&quot;&quot;,&quot;bottom&quot;:&quot;&quot;,&quot;left&quot;:&quot;&quot;,&quot;isLinked&quot;:true},&quot;element_pack_global_tooltip_border_radius_tablet&quot;:{&quot;unit&quot;:&quot;px&quot;,&quot;top&quot;:&quot;&quot;,&quot;right&quot;:&quot;&quot;,&quot;bottom&quot;:&quot;&quot;,&quot;left&quot;:&quot;&quot;,&quot;isLinked&quot;:true},&quot;element_pack_global_tooltip_border_radius_mobile&quot;:{&quot;unit&quot;:&quot;px&quot;,&quot;top&quot;:&quot;&quot;,&quot;right&quot;:&quot;&quot;,&quot;bottom&quot;:&quot;&quot;,&quot;left&quot;:&quot;&quot;,&quot;isLinked&quot;:true}}\" data-elementor-post-type=\"page\">\n\t\t\t\t<div class=\"elementor-element elementor-element-ecad61d e-flex e-con-boxed e-con e-parent\" data-id=\"ecad61d\" data-element_type=\"container\" data-settings=\"{&quot;background_background&quot;:&quot;classic&quot;}\">\n\t\t\t\t\t<div class=\"e-con-inner\">\n\t\t\t\t<div class=\"elementor-element elementor-element-8dc83ac elementor-invisible elementor-widget elementor-widget-heading\" data-id=\"8dc83ac\" data-element_type=\"widget\" data-settings=\"{&quot;_animation&quot;:&quot;fadeIn&quot;,&quot;_animation_delay&quot;:&quot;150&quot;}\" data-widget_type=\"heading.default\">\n\t\t\t\t<div class=\"elementor-widget-container\">\n\t\t\t\t\t<h1 class=\"elementor-heading-title elementor-size-default\">T\u1ebf b\u00e0o g\u1ed1c MADI MADI<\/h1>\t\t\t\t<\/div>\n\t\t\t\t<\/div>\n\t\t\t\t<div class=\"elementor-element elementor-element-957ac97 elementor-invisible elementor-widget elementor-widget-heading\" data-id=\"957ac97\" data-element_type=\"widget\" data-settings=\"{&quot;_animation&quot;:&quot;fadeIn&quot;,&quot;_animation_delay&quot;:250}\" data-widget_type=\"heading.default\">\n\t\t\t\t<div class=\"elementor-widget-container\">\n\t\t\t\t\t<div class=\"elementor-heading-title elementor-size-default\">T\u1ebf b\u00e0o g\u1ed1c \u1edf m\u1ecdi kh\u1edbp<\/div>\t\t\t\t<\/div>\n\t\t\t\t<\/div>\n\t\t\t\t\t<\/div>\n\t\t\t\t<\/div>\n\t\t<div class=\"elementor-element elementor-element-5284682 e-flex e-con-boxed e-con e-parent\" data-id=\"5284682\" data-element_type=\"container\">\n\t\t\t\t\t<div class=\"e-con-inner\">\n\t\t<div class=\"elementor-element elementor-element-696c286 e-con-full e-flex e-con e-child\" data-id=\"696c286\" data-element_type=\"container\">\n\t\t\t\t<div class=\"elementor-element elementor-element-8fcfded animated-fast br-remove elementor-invisible elementor-widget elementor-widget-text-editor\" data-id=\"8fcfded\" data-element_type=\"widget\" data-settings=\"{&quot;_animation&quot;:&quot;fadeInUp&quot;,&quot;_animation_delay&quot;:&quot;1100&quot;}\" data-widget_type=\"text-editor.default\">\n\t\t\t\t<div class=\"elementor-widget-container\">\n\t\t\t\t\t\t\t\t\tT\u1ecda l\u1ea1c t\u1ea1i Seoul <strong>Ph\u00f2ng kh\u00e1m ph\u1eabu thu\u1eadt th\u1ea7n kinh Madimadi<\/strong>\uc740\n<strong>Trung t\u00e2m \u0111i\u1ec1u tr\u1ecb t\u1ebf b\u00e0o g\u1ed1c Madimadi<\/strong>S\u1eed d\u1ee5ng t\u1ebf b\u00e0o g\u1ed1c t\u1eadp trung v\u00e0o <strong>Da \u00b7 R\u1ee5ng t\u00f3c \u00b7 Kh\u1edbp \u00b7 B\u1ec7nh tim m\u1ea1ch v\u00e0 m\u1ea1ch m\u00e1u n\u00e3o<\/strong> Ch\u00fang t\u00f4i cung c\u1ea5p d\u1ecbch v\u1ee5 \u0111i\u1ec1u tr\u1ecb chuy\u00ean nghi\u1ec7p. T\u1ea5t c\u1ea3 c\u00e1c quy tr\u00ecnh \u0111\u1ec1u \u0111\u01b0\u1ee3c th\u1ef1c hi\u1ec7n theo quy \u0111\u1ecbnh. <strong>chuy\u00ean gia t\u1ebf b\u00e0o g\u1ed1c<\/strong>Do ch\u00ednh b\u00e1c s\u0129 ph\u1eabu thu\u1eadt th\u1ef1c hi\u1ec7n, \u0111\u01b0\u1ee3c \u0111i\u1ec1u ch\u1ec9nh ph\u00f9 h\u1ee3p v\u1edbi t\u00ecnh tr\u1ea1ng c\u1ee7a b\u1ec7nh nh\u00e2n. <strong>Li\u1ec7u ph\u00e1p t\u1ebf b\u00e0o g\u1ed1c<\/strong>Ch\u00fang t\u00f4i s\u1ebd ti\u1ebfp t\u1ee5c.\t\t\t\t\t\t\t\t<\/div>\n\t\t\t\t<\/div>\n\t\t\t\t<div class=\"elementor-element elementor-element-2ed1e13 animated-fast br-remove elementor-invisible elementor-widget elementor-widget-text-editor\" data-id=\"2ed1e13\" data-element_type=\"widget\" data-settings=\"{&quot;_animation_delay&quot;:1100,&quot;_animation&quot;:&quot;fadeInUp&quot;}\" data-widget_type=\"text-editor.default\">\n\t\t\t\t<div class=\"elementor-widget-container\">\n\t\t\t\t\t\t\t\t\tVi\u1ec7n nghi\u00ean c\u1ee9u hi\u1ec7n \u0111ang chu\u1ea9n b\u1ecb cho c\u00e1c giai \u0111o\u1ea1n nghi\u00ean c\u1ee9u nu\u00f4i c\u1ea5y t\u1ebf b\u00e0o v\u00e0 bi\u1ec7t h\u00f3a t\u1ebf b\u00e0o, h\u01b0\u1edbng t\u1edbi \u1ee9ng d\u1ee5ng l\u00e2m s\u00e0ng \u0111\u1ea3m b\u1ea3o an to\u00e0n v\u00e0 hi\u1ec7u qu\u1ea3.\t\t\t\t\t\t\t\t<\/div>\n\t\t\t\t<\/div>\n\t\t\t\t<div class=\"elementor-element elementor-element-585ae3b animated-fast br-remove elementor-invisible elementor-widget elementor-widget-text-editor\" data-id=\"585ae3b\" data-element_type=\"widget\" data-settings=\"{&quot;_animation_delay&quot;:1100,&quot;_animation&quot;:&quot;fadeInUp&quot;}\" data-widget_type=\"text-editor.default\">\n\t\t\t\t<div class=\"elementor-widget-container\">\n\t\t\t\t\t\t\t\t\tNgo\u00e0i ra, c\u1ea7n m\u1edf r\u1ed9ng ph\u1ea1m vi \u1ee9ng d\u1ee5ng c\u1ee7a li\u1ec7u ph\u00e1p t\u1ebf b\u00e0o g\u1ed1c. <strong>T\u00e1i t\u1ea1o da, \u0111i\u1ec1u tr\u1ecb r\u1ee5ng t\u00f3c<\/strong><strong>(\u0111i\u1ec1u tr\u1ecb r\u1ee5ng t\u00f3c), b\u1ec7nh tim m\u1ea1ch v\u00e0 b\u1ec7nh l\u00fd m\u1ea1ch m\u00e1u n\u00e3o\u00a0<\/strong><strong>b\u1ec7nh t\u1eadt),<\/strong> V\u00e0 <strong>ch\u1ee9ng m\u1ea5t tr\u00ed nh\u1edb<\/strong> \ubc0f <strong>B\u1ec7nh Parkinson<\/strong> Ch\u00fang t\u00f4i \u0111ang ti\u1ebfn h\u00e0nh nghi\u00ean c\u1ee9u v\u00e0 \u0111i\u1ec1u tr\u1ecb l\u00e2m s\u00e0ng song song \u0111\u1ec3 th\u00fac \u0111\u1ea9y qu\u00e1 tr\u00ecnh ph\u1ee5c h\u1ed3i v\u00e0 c\u1ea3i thi\u1ec7n ch\u1ee9c n\u0103ng \u1edf nh\u1eefng b\u1ec7nh nh\u00e2n m\u1eafc c\u00e1c b\u1ec7nh kh\u00f3 ch\u1eefa.\t\t\t\t\t\t\t\t<\/div>\n\t\t\t\t<\/div>\n\t\t\t\t<\/div>\n\t\t<div class=\"elementor-element elementor-element-885b563 e-con-full e-flex e-con e-child\" data-id=\"885b563\" data-element_type=\"container\">\n\t\t\t\t<div class=\"elementor-element elementor-element-0f92f2d animated-fast elementor-invisible elementor-widget elementor-widget-image\" data-id=\"0f92f2d\" data-element_type=\"widget\" data-settings=\"{&quot;_animation&quot;:&quot;fadeInUp&quot;,&quot;_animation_delay&quot;:&quot;650&quot;}\" data-widget_type=\"image.default\">\n\t\t\t\t<div class=\"elementor-widget-container\">\n\t\t\t\t\t\t\t\t\t\t\t\t\t\t\t<img fetchpriority=\"high\" decoding=\"async\" width=\"580\" height=\"510\" src=\"https:\/\/madimadistem.com\/wp-content\/uploads\/2026\/03\/KakaoTalk_20260315_181010943.png\" class=\"attachment-large size-large wp-image-3012\" alt=\"\" srcset=\"https:\/\/madimadistem.com\/wp-content\/uploads\/2026\/03\/KakaoTalk_20260315_181010943.png 580w, https:\/\/madimadistem.com\/wp-content\/uploads\/2026\/03\/KakaoTalk_20260315_181010943-300x264.png 300w\" sizes=\"(max-width: 580px) 100vw, 580px\" \/>\t\t\t\t\t\t\t\t\t\t\t\t\t\t\t<\/div>\n\t\t\t\t<\/div>\n\t\t\t\t<\/div>\n\t\t\t\t\t<\/div>\n\t\t\t\t<\/div>\n\t\t<div class=\"elementor-element elementor-element-0bf14ff e-flex e-con-boxed e-con e-parent\" data-id=\"0bf14ff\" data-element_type=\"container\">\n\t\t\t\t\t<div class=\"e-con-inner\">\n\t\t<div class=\"elementor-element elementor-element-697103d e-con-full e-flex e-con e-child\" data-id=\"697103d\" data-element_type=\"container\">\n\t\t\t\t<div class=\"elementor-element elementor-element-f1c218a animated-fast br-remove elementor-invisible elementor-widget elementor-widget-text-editor\" data-id=\"f1c218a\" data-element_type=\"widget\" data-settings=\"{&quot;_animation_delay&quot;:1100,&quot;_animation&quot;:&quot;fadeInUp&quot;}\" data-widget_type=\"text-editor.default\">\n\t\t\t\t<div class=\"elementor-widget-container\">\n\t\t\t\t\t\t\t\t\t<p>C\u01a1 s\u1edf y t\u1ebf n\u00e0y<br \/>\u0110\u01b0\u1ee3c B\u1ed9 Y t\u1ebf v\u00e0 Ph\u00fac l\u1ee3i ch\u1ee9ng nh\u1eadn.<br \/><strong>C\u01a1 s\u1edf th\u1ef1c hi\u1ec7n y h\u1ecdc t\u00e1i t\u1ea1o ti\u00ean ti\u1ebfn<\/strong>qua,<br \/>theo \u0110\u1ea1o lu\u1eadt Y h\u1ecdc T\u00e1i t\u1ea1o \u0111\u01b0\u1ee3c nh\u00e0 n\u01b0\u1edbc c\u00f4ng nh\u1eadn.<br \/>D\u01b0\u1edbi h\u1ec7 th\u1ed1ng qu\u1ea3n l\u00fd v\u00e0 gi\u00e1m s\u00e1t<br \/>An to\u00e0n h\u01a1n v\u00e0 \u0111\u00e1ng tin c\u1eady h\u01a1n<br \/>Ch\u00fang t\u00f4i th\u1ef1c hi\u1ec7n li\u1ec7u ph\u00e1p t\u1ebf b\u00e0o g\u1ed1c.<\/p>\t\t\t\t\t\t\t\t<\/div>\n\t\t\t\t<\/div>\n\t\t\t\t<\/div>\n\t\t<div class=\"elementor-element elementor-element-4f237dd e-con-full e-flex e-con e-child\" data-id=\"4f237dd\" data-element_type=\"container\">\n\t\t\t\t<div class=\"elementor-element elementor-element-0d69620 animated-fast elementor-invisible elementor-widget elementor-widget-image\" data-id=\"0d69620\" data-element_type=\"widget\" data-settings=\"{&quot;_animation&quot;:&quot;fadeInUp&quot;,&quot;_animation_delay&quot;:&quot;650&quot;}\" data-widget_type=\"image.default\">\n\t\t\t\t<div class=\"elementor-widget-container\">\n\t\t\t\t\t\t\t\t\t\t\t\t\t\t\t<img decoding=\"async\" width=\"580\" height=\"460\" src=\"https:\/\/madimadistem.com\/wp-content\/uploads\/2026\/03\/03.png\" class=\"attachment-large size-large wp-image-2899\" alt=\"\" srcset=\"https:\/\/madimadistem.com\/wp-content\/uploads\/2026\/03\/03.png 580w, https:\/\/madimadistem.com\/wp-content\/uploads\/2026\/03\/03-300x238.png 300w\" sizes=\"(max-width: 580px) 100vw, 580px\" \/>\t\t\t\t\t\t\t\t\t\t\t\t\t\t\t<\/div>\n\t\t\t\t<\/div>\n\t\t\t\t<\/div>\n\t\t\t\t\t<\/div>\n\t\t\t\t<\/div>\n\t\t<div class=\"elementor-element elementor-element-60346ff e-flex e-con-boxed e-con e-parent\" data-id=\"60346ff\" data-element_type=\"container\">\n\t\t\t\t\t<div class=\"e-con-inner\">\n\t\t<div class=\"elementor-element elementor-element-2883a78 e-con-full e-flex e-con e-child\" data-id=\"2883a78\" data-element_type=\"container\">\n\t\t\t\t<div class=\"elementor-element elementor-element-33c3f9c animated-fast elementor-invisible elementor-widget elementor-widget-image\" data-id=\"33c3f9c\" data-element_type=\"widget\" data-settings=\"{&quot;_animation&quot;:&quot;fadeInUp&quot;,&quot;_animation_delay&quot;:&quot;650&quot;}\" data-widget_type=\"image.default\">\n\t\t\t\t<div class=\"elementor-widget-container\">\n\t\t\t\t\t\t\t\t\t\t\t\t\t\t\t<img decoding=\"async\" width=\"580\" height=\"460\" src=\"https:\/\/madimadistem.com\/wp-content\/uploads\/2026\/02\/02.png\" class=\"attachment-large size-large wp-image-1725\" alt=\"\" srcset=\"https:\/\/madimadistem.com\/wp-content\/uploads\/2026\/02\/02.png 580w, https:\/\/madimadistem.com\/wp-content\/uploads\/2026\/02\/02-300x238.png 300w\" sizes=\"(max-width: 580px) 100vw, 580px\" \/>\t\t\t\t\t\t\t\t\t\t\t\t\t\t\t<\/div>\n\t\t\t\t<\/div>\n\t\t\t\t<\/div>\n\t\t<div class=\"elementor-element elementor-element-facd1ad e-con-full e-flex e-con e-child\" data-id=\"facd1ad\" data-element_type=\"container\">\n\t\t\t\t<div class=\"elementor-element elementor-element-a2e019b animated-fast elementor-invisible elementor-widget elementor-widget-heading\" data-id=\"a2e019b\" data-element_type=\"widget\" data-settings=\"{&quot;_animation&quot;:&quot;fadeInUp&quot;,&quot;_animation_delay&quot;:&quot;800&quot;}\" data-widget_type=\"heading.default\">\n\t\t\t\t<div class=\"elementor-widget-container\">\n\t\t\t\t\t<h2 class=\"elementor-heading-title elementor-size-default\">Trong m\u1ed9t t\u1ebf b\u00e0o<br>\nH\u00e3y t\u00ecm ki\u1ebfm kh\u1ea3 n\u0103ng ph\u1ee5c h\u1ed3i.<\/h2>\t\t\t\t<\/div>\n\t\t\t\t<\/div>\n\t\t\t\t<div class=\"elementor-element elementor-element-f02cf57 animated-fast elementor-invisible elementor-widget elementor-widget-text-editor\" data-id=\"f02cf57\" data-element_type=\"widget\" data-settings=\"{&quot;_animation&quot;:&quot;fadeInUp&quot;,&quot;_animation_delay&quot;:&quot;1100&quot;}\" data-widget_type=\"text-editor.default\">\n\t\t\t\t<div class=\"elementor-widget-container\">\n\t\t\t\t\t\t\t\t\tVi\u1ec7n Nghi\u00ean c\u1ee9u T\u1ebf b\u00e0o g\u1ed1c Madimadi ho\u1ea1t \u0111\u1ed9ng trong l\u0129nh v\u1ef1c tr\u1ecb li\u1ec7u t\u1ebf b\u00e0o g\u1ed1c t\u1ea1i H\u00e0n Qu\u1ed1c. <strong>Ng\u01b0\u1eddi ti\u00ean phong<\/strong>Nh\u01b0 v\u1eady, b\u1eb1ng c\u00e1ch s\u1eed d\u1ee5ng t\u1ebf b\u00e0o g\u1ed1c <strong>T\u00e1i t\u1ea1o m\u00f4, gi\u1ea3m \u0111au, <\/strong>\n<strong>ph\u1ee5c h\u1ed3i ch\u1ee9c n\u0103ng<\/strong>Ch\u00fang t\u00f4i \u0111ang d\u1eabn \u0111\u1ea7u t\u01b0\u01a1ng lai c\u1ee7a y h\u1ecdc t\u00e1i t\u1ea1o b\u1eb1ng c\u00e1ch li\u00ean t\u1ee5c kh\u00e1m ph\u00e1 ti\u1ec1m n\u0103ng c\u1ee7a n\u00f3.\t\t\t\t\t\t\t\t<\/div>\n\t\t\t\t<\/div>\n\t\t\t\t<div class=\"elementor-element elementor-element-408436f animated-fast elementor-invisible elementor-widget elementor-widget-text-editor\" data-id=\"408436f\" data-element_type=\"widget\" data-settings=\"{&quot;_animation&quot;:&quot;fadeInUp&quot;,&quot;_animation_delay&quot;:&quot;1100&quot;}\" data-widget_type=\"text-editor.default\">\n\t\t\t\t<div class=\"elementor-widget-container\">\n\t\t\t\t\t\t\t\t\t<strong><span style=\"color: #0e9cdb;\">Trung t\u00e2m \u0111i\u1ec1u tr\u1ecb t\u1ebf b\u00e0o g\u1ed1c Madimadi<\/span><\/strong>N\u00f3 \u0111ang m\u1edf ra m\u1ed9t h\u01b0\u1edbng \u0111i m\u1edbi trong y h\u1ecdc t\u00e1i t\u1ea1o b\u1eb1ng c\u00e1ch gi\u00fap b\u1ec7nh nh\u00e2n l\u1ea5y l\u1ea1i kh\u1ea3 n\u0103ng t\u1ef1 ch\u1eefa l\u00e0nh c\u01a1 th\u1ec3 c\u1ee7a ch\u00ednh m\u00ecnh.\t\t\t\t\t\t\t\t<\/div>\n\t\t\t\t<\/div>\n\t\t\t\t<\/div>\n\t\t\t\t\t<\/div>\n\t\t\t\t<\/div>\n\t\t\t\t<\/div>","protected":false},"excerpt":{"rendered":"<p>MADI MADI STEM CELL \ub9c8\ub514\ub9c8\ub514 \uc904\uae30\uc138\ud3ec \uc11c\uc6b8\uc5d0 \uc704\uce58\ud55c \ub9c8\ub514\ub9c8\ub514\uc2e0\uacbd\uc678\uacfc\uc758\uc6d0(Madimadi Neurosurgery Clinic)\uc740 \ub9c8\ub514\ub9c8\ub514 \uc904\uae30\uc138\ud3ec \uce58\ub8cc\uc13c\ud130(Madimadi Stem Cell Treatment Center)\ub97c \uc911\uc2ec\uc73c\ub85c \uc904\uae30\uc138\ud3ec\ub97c \ud65c\uc6a9\ud55c \ud53c\ubd80\u00b7 [&hellip;]<\/p>\n","protected":false},"author":3,"featured_media":0,"parent":0,"menu_order":2,"comment_status":"closed","ping_status":"closed","template":"","meta":{"_acf_changed":false,"footnotes":""},"class_list":["post-1719","page","type-page","status-publish","hentry"],"acf":[],"_links":{"self":[{"href":"https:\/\/madimadistem.com\/vi\/wp-json\/wp\/v2\/pages\/1719","targetHints":{"allow":["GET"]}}],"collection":[{"href":"https:\/\/madimadistem.com\/vi\/wp-json\/wp\/v2\/pages"}],"about":[{"href":"https:\/\/madimadistem.com\/vi\/wp-json\/wp\/v2\/types\/page"}],"author":[{"embeddable":true,"href":"https:\/\/madimadistem.com\/vi\/wp-json\/wp\/v2\/users\/3"}],"replies":[{"embeddable":true,"href":"https:\/\/madimadistem.com\/vi\/wp-json\/wp\/v2\/comments?post=1719"}],"version-history":[{"count":106,"href":"https:\/\/madimadistem.com\/vi\/wp-json\/wp\/v2\/pages\/1719\/revisions"}],"predecessor-version":[{"id":3015,"href":"https:\/\/madimadistem.com\/vi\/wp-json\/wp\/v2\/pages\/1719\/revisions\/3015"}],"wp:attachment":[{"href":"https:\/\/madimadistem.com\/vi\/wp-json\/wp\/v2\/media?parent=1719"}],"curies":[{"name":"wp","href":"https:\/\/api.w.org\/{rel}","templated":true}]}}